{"id":72,"date":"2026-01-09T09:58:20","date_gmt":"2026-01-09T09:58:20","guid":{"rendered":"https:\/\/www.sansavini-design.com\/?page_id=72"},"modified":"2026-04-17T14:30:10","modified_gmt":"2026-04-17T14:30:10","slug":"mon-univers","status":"publish","type":"page","link":"https:\/\/www.sansavini-design.com\/index.php\/mon-univers\/","title":{"rendered":"mon expertise"},"content":{"rendered":"<div class=\"wpb-content-wrapper\"><p>[vc_row row_height_percent=\u00a0\u00bb0&Prime; back_color=\u00a0\u00bbcolor-xsdn\u00a0\u00bb overlay_alpha=\u00a0\u00bb50&Prime; gutter_size=\u00a0\u00bb3&Prime; column_width_percent=\u00a0\u00bb100&Prime; shift_y=\u00a0\u00bb0&Prime; z_index=\u00a0\u00bb0&Prime; content_parallax=\u00a0\u00bb0&Prime; uncode_shortcode_id=\u00a0\u00bb161005&Prime; back_color_type=\u00a0\u00bbuncode-palette\u00a0\u00bb][vc_column width=\u00a0\u00bb1\/3&Prime;][vc_column_text uncode_shortcode_id=\u00a0\u00bb197908&Prime;]<\/p>\n<p id=\"p-rc_d8568d031c779d08-40\" data-path-to-node=\"4\"><span class=\"citation-157\">Ma\u00eetrise des march\u00e9s du mobilier, des <strong>fabricants<\/strong>,<\/span> <span class=\"citation-156\">de leurs <strong>positionnements budg\u00e9taire<\/strong>s, des <strong>caract\u00e9ristiques techniques<\/strong> de leurs produits, des <strong>d\u00e9lais de fabrication<\/strong>,<\/span> <span class=\"citation-155\">des r\u00e9seaux de <strong>distribution<\/strong>&#8230;<\/span><\/p>\n<p>[\/vc_column_text][\/vc_column][vc_column width=\u00a0\u00bb1\/3&Prime;][vc_column_text uncode_shortcode_id=\u00a0\u00bb137329&Prime;]<\/p>\n<p id=\"p-rc_d8568d031c779d08-41\" data-path-to-node=\"6\"><span class=\"citation-154\">Ma\u00eetrise de la <strong>colorim\u00e9trie<\/strong>, des harmonies chromatiques<\/span> <span class=\"citation-153\">et du <strong>mariage des mati\u00e8res<\/strong>, associ\u00e9e \u00e0 une <\/span><span class=\"citation-153\">attention<\/span> au d\u00e9tail. <span class=\"citation-151\">Cap<\/span><span class=\"citation-151\">acit\u00e9 \u00e0 \u00e9couter et retranscrire les attentes dans<\/span> <span class=\"citation-150\">le but de <strong>concevoir des projets uniques<\/strong> nourris <strong>d&rsquo;inspirations<\/strong><\/span><strong> <span class=\"citation-149\">vari\u00e9es.<\/span> <\/strong><\/p>\n<p>[\/vc_column_text][\/vc_column][vc_column width=\u00a0\u00bb1\/3&Prime;][vc_column_text uncode_shortcode_id=\u00a0\u00bb185124&Prime;]<\/p>\n<p id=\"p-rc_d8568d031c779d08-42\" data-path-to-node=\"8\"><span class=\"citation-148\"><strong>S\u00e9lection de prestataires sp\u00e9cialis\u00e9s<\/strong> &#8211; artisans,<\/span> <span class=\"citation-147\">artistes, cr\u00e9ateurs &#8211; rassembl\u00e9s autour de la <strong>personnalisation<\/strong><\/span> <span class=\"citation-146\">et de <strong>l&rsquo;exception<\/strong>.<\/span><\/p>\n<p>[\/vc_column_text][\/vc_column][\/vc_row][vc_row][vc_column column_width_percent=\u00a0\u00bb100&Prime; align_horizontal=\u00a0\u00bbalign_center\u00a0\u00bb gutter_size=\u00a0\u00bb3&Prime; overlay_alpha=\u00a0\u00bb50&Prime; shift_x=\u00a0\u00bb0&Prime; shift_y=\u00a0\u00bb0&Prime; shift_y_down=\u00a0\u00bb0&Prime; z_index=\u00a0\u00bb0&Prime; medium_width=\u00a0\u00bb0&Prime; mobile_width=\u00a0\u00bb0&Prime; width=\u00a0\u00bb1\/1&Prime; uncode_shortcode_id=\u00a0\u00bb184822&Prime;][vc_custom_heading uncode_shortcode_id=\u00a0\u00bb183745&Prime;]<\/p>\n<h3 style=\"text-align: center;\">CE QUE JE VOUS APPORTE<\/h3>\n<p>[\/vc_custom_heading][\/vc_column][\/vc_row][vc_row row_height_percent=\u00a0\u00bb0&Prime; back_color=\u00a0\u00bbcolor-xsdn\u00a0\u00bb overlay_alpha=\u00a0\u00bb50&Prime; gutter_size=\u00a0\u00bb3&Prime; column_width_percent=\u00a0\u00bb100&Prime; shift_y=\u00a0\u00bb0&Prime; z_index=\u00a0\u00bb0&Prime; content_parallax=\u00a0\u00bb0&Prime; uncode_shortcode_id=\u00a0\u00bb161005&Prime; back_color_type=\u00a0\u00bbuncode-palette\u00a0\u00bb][vc_column width=\u00a0\u00bb1\/4&Prime;][vc_column_text uncode_shortcode_id=\u00a0\u00bb250615&Prime;]<\/p>\n<h5 style=\"text-align: center;\"><span data-path-to-node=\"11,0\"><b data-path-to-node=\"11,0\" data-index-in-node=\"0\"><span class=\"citation-145\">VOUS \u00caTES ARCHITECTE<br \/>\nOU AMO<\/span><\/b><\/span><\/h5>\n<p>[\/vc_column_text][vc_separator sep_color=\u00a0\u00bb\u00a0\u00bb uncode_shortcode_id=\u00a0\u00bb181364&Prime;][vc_column_text uncode_shortcode_id=\u00a0\u00bb160404&Prime;]<\/p>\n<ul>\n<li>Optimisation de votre temps avec une prise en charge globale du mobilier<\/li>\n<li>Transcription esth\u00e9tique du concept architectural<\/li>\n<li>Sourcing mobilier cibl\u00e9, qualifi\u00e9 et coh\u00e9rent<\/li>\n<li>S\u00e9lection et un suivi de prestataires (revendeurs, artistes, galeries\u2026)<\/li>\n<\/ul>\n<p>[\/vc_column_text][\/vc_column][vc_column width=\u00a0\u00bb1\/4&Prime;][vc_column_text uncode_shortcode_id=\u00a0\u00bb990283&Prime;]<\/p>\n<p style=\"text-align: center;\"><strong>VOUS \u00caTES INVESTISSEUR\/PROPRI\u00c9TAIRE<\/strong><br \/>\n<strong>&amp; OP\u00c9RATEUR IMMOBILIER<\/strong><\/p>\n<p>[\/vc_column_text][vc_separator sep_color=\u00a0\u00bb\u00a0\u00bb uncode_shortcode_id=\u00a0\u00bb181364&Prime;][vc_column_text uncode_shortcode_id=\u00a0\u00bb196365&Prime;]<\/p>\n<ul>\n<li>Cr\u00e9ation d\u2019une identit\u00e9 propre, coh\u00e9rente avec la direction architecturale<\/li>\n<li>Valorisation du lieu par le design, l\u2019esth\u00e9tique et la technique<\/li>\n<li>R\u00e9flexion sur les usages et offrir une exp\u00e9rience unique \u00e0 vos futurs occupants.<\/li>\n<li>Accompagnement sur mesure pour vous diff\u00e9rencier de la concurrence<\/li>\n<\/ul>\n<p>[\/vc_column_text][\/vc_column][vc_column width=\u00a0\u00bb1\/4&Prime;][vc_column_text uncode_shortcode_id=\u00a0\u00bb108602&Prime;]<\/p>\n<h5 id=\"p-rc_d8568d031c779d08-42\" style=\"text-align: center;\" data-path-to-node=\"8\">VOUS \u00caTES<br \/>\nUN CLIENT PROFESSIONNEL<\/h5>\n<p>[\/vc_column_text][vc_separator sep_color=\u00a0\u00bb\u00a0\u00bb uncode_shortcode_id=\u00a0\u00bb181364&Prime;][vc_column_text uncode_shortcode_id=\u00a0\u00bb612430&Prime;]<strong>(secteur priv\u00e9, h\u00f4tellerie\/restauration, \u00e9tablissements de sant\u00e9, centres de formations, professions lib\u00e9rales\u2026)<\/strong><\/p>\n<ul>\n<li>Conception d\u2019une atmosph\u00e8re qui refl\u00e8te votre identit\u00e9 et les valeurs de votre entreprise<\/li>\n<li>R\u00e9interpr\u00e9tation esth\u00e9tique de votre mobilier existant et\/ou mise en place d\u2019un circuit de revente<\/li>\n<li>Accompagnement global\u00a0: de l\u2019\u00e9tat des lieux de votre mobilier existant, jusqu\u2019\u00e0 la sollicitation de prestataires, en passant par le sourcing du mobilier<\/li>\n<li>R\u00e9flexion esth\u00e9tique et technique pour vos collaborateurs et vos clients<\/li>\n<li>Recherche d\u2019une \u00e2me r\u00e9sidentielle, dans un espace professionnel<\/li>\n<\/ul>\n<p>[\/vc_column_text][\/vc_column][vc_column width=\u00a0\u00bb1\/4&Prime;][vc_column_text uncode_shortcode_id=\u00a0\u00bb222539&Prime;]<\/p>\n<h5 id=\"p-rc_d8568d031c779d08-42\" style=\"text-align: center;\" data-path-to-node=\"8\">VOUS \u00caTES<br \/>\nUN CLIENT PARTICULIER<\/h5>\n<p>[\/vc_column_text][vc_separator sep_color=\u00a0\u00bb\u00a0\u00bb uncode_shortcode_id=\u00a0\u00bb181364&Prime;][vc_column_text uncode_shortcode_id=\u00a0\u00bb957388&Prime;]<\/p>\n<ul>\n<li>R\u00e9interpr\u00e9tation esth\u00e9tique de votre mobilier existant et\/ou mise en place d\u2019un circuit de revente<\/li>\n<li>Sourcing de pi\u00e8ces intemporelles, sign\u00e9es et estampill\u00e9es avec une valeur ajout\u00e9e<\/li>\n<li>Accompagnement \u00e9tape par \u00e9tape\u00a0: pr\u00e9-s\u00e9lection mobilier, choix des mat\u00e9riaux, devis, n\u00e9gociations commerciales, gestion des d\u00e9lais (\u2026)<\/li>\n<li>Personnalisation par l\u2019ajout de d\u00e9tails qui font la diff\u00e9rence<\/li>\n<li>Suggestions de nouveaux designers, d\u2019artistes et de cr\u00e9ateurs<\/li>\n<\/ul>\n<p>[\/vc_column_text][\/vc_column][\/vc_row]<\/p>\n<\/div>","protected":false},"excerpt":{"rendered":"<p>[vc_row row_height_percent=\u00a0\u00bb0&Prime; back_color=\u00a0\u00bbcolor-xsdn\u00a0\u00bb overlay_alpha=\u00a0\u00bb50&Prime; gutter_size=\u00a0\u00bb3&Prime; column_width_percent=\u00a0\u00bb100&Prime; shift_y=\u00a0\u00bb0&Prime; z_index=\u00a0\u00bb0&Prime; content_parallax=\u00a0\u00bb0&Prime; uncode_shortcode_id=\u00a0\u00bb161005&Prime; back_color_type=\u00a0\u00bbuncode-palette\u00a0\u00bb][vc_column width=\u00a0\u00bb1\/3&Prime;][vc_column_text uncode_shortcode_id=\u00a0\u00bb197908&Prime;] Ma\u00eetrise des march\u00e9s du mobilier, des fabricants, [&hellip;]<\/p>\n","protected":false},"author":1,"featured_media":0,"parent":0,"menu_order":0,"comment_status":"closed","ping_status":"closed","template":"","meta":{"footnotes":""},"class_list":["post-72","page","type-page","status-publish","hentry"],"_links":{"self":[{"href":"https:\/\/www.sansavini-design.com\/index.php\/wp-json\/wp\/v2\/pages\/72","targetHints":{"allow":["GET"]}}],"collection":[{"href":"https:\/\/www.sansavini-design.com\/index.php\/wp-json\/wp\/v2\/pages"}],"about":[{"href":"https:\/\/www.sansavini-design.com\/index.php\/wp-json\/wp\/v2\/types\/page"}],"author":[{"embeddable":true,"href":"https:\/\/www.sansavini-design.com\/index.php\/wp-json\/wp\/v2\/users\/1"}],"replies":[{"embeddable":true,"href":"https:\/\/www.sansavini-design.com\/index.php\/wp-json\/wp\/v2\/comments?post=72"}],"version-history":[{"count":27,"href":"https:\/\/www.sansavini-design.com\/index.php\/wp-json\/wp\/v2\/pages\/72\/revisions"}],"predecessor-version":[{"id":220,"href":"https:\/\/www.sansavini-design.com\/index.php\/wp-json\/wp\/v2\/pages\/72\/revisions\/220"}],"wp:attachment":[{"href":"https:\/\/www.sansavini-design.com\/index.php\/wp-json\/wp\/v2\/media?parent=72"}],"curies":[{"name":"wp","href":"https:\/\/api.w.org\/{rel}","templated":true}]}}