{"id":74,"date":"2026-01-09T09:58:59","date_gmt":"2026-01-09T09:58:59","guid":{"rendered":"https:\/\/www.sansavini-design.com\/?page_id=74"},"modified":"2026-04-17T14:26:00","modified_gmt":"2026-04-17T14:26:00","slug":"ma-methode","status":"publish","type":"page","link":"https:\/\/www.sansavini-design.com\/index.php\/ma-methode\/","title":{"rendered":"ma m\u00e9thode"},"content":{"rendered":"<div class=\"wpb-content-wrapper\"><p>[vc_row][vc_column column_width_percent=\u00a0\u00bb100&Prime; position_horizontal=\u00a0\u00bbright\u00a0\u00bb position_vertical=\u00a0\u00bbmiddle\u00a0\u00bb gutter_size=\u00a0\u00bb3&Prime; overlay_alpha=\u00a0\u00bb50&Prime; shift_x=\u00a0\u00bb0&Prime; shift_y=\u00a0\u00bb0&Prime; shift_y_down=\u00a0\u00bb0&Prime; z_index=\u00a0\u00bb0&Prime; medium_width=\u00a0\u00bb0&Prime; mobile_width=\u00a0\u00bb0&Prime; width=\u00a0\u00bb1\/4&Prime; uncode_shortcode_id=\u00a0\u00bb159878&Prime;][\/vc_column][vc_column column_width_percent=\u00a0\u00bb100&Prime; position_vertical=\u00a0\u00bbmiddle\u00a0\u00bb gutter_size=\u00a0\u00bb3&Prime; overlay_alpha=\u00a0\u00bb50&Prime; shift_x=\u00a0\u00bb0&Prime; shift_y=\u00a0\u00bb0&Prime; shift_y_down=\u00a0\u00bb0&Prime; z_index=\u00a0\u00bb0&Prime; medium_width=\u00a0\u00bb0&Prime; mobile_width=\u00a0\u00bb0&Prime; css_animation=\u00a0\u00bbright-t-left\u00a0\u00bb width=\u00a0\u00bb1\/4&Prime; uncode_shortcode_id=\u00a0\u00bb130363&Prime;][vc_single_image media=\u00a0\u00bb202&Prime; media_width_percent=\u00a0\u00bb100&Prime; alignment=\u00a0\u00bbright\u00a0\u00bb css_animation=\u00a0\u00bbleft-t-right\u00a0\u00bb uncode_shortcode_id=\u00a0\u00bb192610&Prime;][\/vc_column][vc_column column_width_percent=\u00a0\u00bb100&Prime; position_vertical=\u00a0\u00bbmiddle\u00a0\u00bb gutter_size=\u00a0\u00bb3&Prime; overlay_alpha=\u00a0\u00bb50&Prime; shift_x=\u00a0\u00bb0&Prime; shift_y=\u00a0\u00bb0&Prime; shift_y_down=\u00a0\u00bb0&Prime; z_index=\u00a0\u00bb0&Prime; medium_width=\u00a0\u00bb0&Prime; mobile_width=\u00a0\u00bb0&Prime; width=\u00a0\u00bb1\/4&Prime; uncode_shortcode_id=\u00a0\u00bb356537&Prime;][vc_column_text uncode_shortcode_id=\u00a0\u00bb499059&Prime;]<\/p>\n<h3>1 \u2022 Prise de contact<\/h3>\n<p><strong>Evaluation du mobilier existant<\/strong><br \/>\n<em>Elaboration d\u2019un cahier des charges, analyse du mobilier existant avec mise en place d\u2019un circuit de revente ou de revalorisation esth\u00e9tique<\/em>[\/vc_column_text][\/vc_column][vc_column width=\u00a0\u00bb1\/4&Prime;][\/vc_column][\/vc_row][vc_row][vc_column column_width_percent=\u00a0\u00bb100&Prime; position_horizontal=\u00a0\u00bbright\u00a0\u00bb position_vertical=\u00a0\u00bbmiddle\u00a0\u00bb gutter_size=\u00a0\u00bb3&Prime; overlay_alpha=\u00a0\u00bb50&Prime; shift_x=\u00a0\u00bb0&Prime; shift_y=\u00a0\u00bb0&Prime; shift_y_down=\u00a0\u00bb0&Prime; z_index=\u00a0\u00bb0&Prime; medium_width=\u00a0\u00bb0&Prime; mobile_width=\u00a0\u00bb0&Prime; width=\u00a0\u00bb1\/4&Prime; uncode_shortcode_id=\u00a0\u00bb111014&Prime;][\/vc_column][vc_column column_width_percent=\u00a0\u00bb100&Prime; position_vertical=\u00a0\u00bbmiddle\u00a0\u00bb gutter_size=\u00a0\u00bb3&Prime; overlay_alpha=\u00a0\u00bb50&Prime; shift_x=\u00a0\u00bb0&Prime; shift_y=\u00a0\u00bb0&Prime; shift_y_down=\u00a0\u00bb0&Prime; z_index=\u00a0\u00bb0&Prime; medium_width=\u00a0\u00bb0&Prime; mobile_width=\u00a0\u00bb0&Prime; css_animation=\u00a0\u00bbright-t-left\u00a0\u00bb width=\u00a0\u00bb1\/4&Prime; uncode_shortcode_id=\u00a0\u00bb130363&Prime;][vc_single_image media=\u00a0\u00bb207&Prime; media_width_percent=\u00a0\u00bb100&Prime; css_animation=\u00a0\u00bbright-t-left\u00a0\u00bb animation_speed=\u00a0\u00bb100&Prime; uncode_shortcode_id=\u00a0\u00bb186404&Prime;][\/vc_column][vc_column column_width_percent=\u00a0\u00bb100&Prime; position_vertical=\u00a0\u00bbmiddle\u00a0\u00bb gutter_size=\u00a0\u00bb3&Prime; overlay_alpha=\u00a0\u00bb50&Prime; shift_x=\u00a0\u00bb0&Prime; shift_y=\u00a0\u00bb0&Prime; shift_y_down=\u00a0\u00bb0&Prime; z_index=\u00a0\u00bb0&Prime; medium_width=\u00a0\u00bb0&Prime; mobile_width=\u00a0\u00bb0&Prime; width=\u00a0\u00bb1\/4&Prime; uncode_shortcode_id=\u00a0\u00bb178640&Prime;][vc_column_text uncode_shortcode_id=\u00a0\u00bb753593&Prime;]<\/p>\n<h3 style=\"text-align: left;\">2 \u2022 Sourcing mobilier<\/h3>\n<p style=\"text-align: left;\"><strong>Carnet d\u2019intention<\/strong><br \/>\n<em>Cr\u00e9ation d\u2019ambiances, recherche des pi\u00e8ces de mobilier et des finitions pens\u00e9es pour vous et votre projet<\/em><\/p>\n<p>[\/vc_column_text][\/vc_column][vc_column width=\u00a0\u00bb1\/4&Prime;][\/vc_column][\/vc_row][vc_row][vc_column column_width_percent=\u00a0\u00bb100&Prime; position_horizontal=\u00a0\u00bbright\u00a0\u00bb position_vertical=\u00a0\u00bbmiddle\u00a0\u00bb gutter_size=\u00a0\u00bb3&Prime; overlay_alpha=\u00a0\u00bb50&Prime; shift_x=\u00a0\u00bb0&Prime; shift_y=\u00a0\u00bb0&Prime; shift_y_down=\u00a0\u00bb0&Prime; z_index=\u00a0\u00bb0&Prime; medium_width=\u00a0\u00bb0&Prime; mobile_width=\u00a0\u00bb0&Prime; width=\u00a0\u00bb1\/4&Prime; uncode_shortcode_id=\u00a0\u00bb111014&Prime;][\/vc_column][vc_column column_width_percent=\u00a0\u00bb100&Prime; position_vertical=\u00a0\u00bbmiddle\u00a0\u00bb gutter_size=\u00a0\u00bb3&Prime; overlay_alpha=\u00a0\u00bb50&Prime; shift_x=\u00a0\u00bb0&Prime; shift_y=\u00a0\u00bb0&Prime; shift_y_down=\u00a0\u00bb0&Prime; z_index=\u00a0\u00bb0&Prime; medium_width=\u00a0\u00bb0&Prime; mobile_width=\u00a0\u00bb0&Prime; css_animation=\u00a0\u00bbright-t-left\u00a0\u00bb width=\u00a0\u00bb1\/4&Prime; uncode_shortcode_id=\u00a0\u00bb130363&Prime;][vc_single_image media=\u00a0\u00bb212&Prime; media_width_percent=\u00a0\u00bb100&Prime; css_animation=\u00a0\u00bbright-t-left\u00a0\u00bb animation_speed=\u00a0\u00bb100&Prime; uncode_shortcode_id=\u00a0\u00bb147101&Prime;][\/vc_column][vc_column column_width_percent=\u00a0\u00bb100&Prime; position_vertical=\u00a0\u00bbmiddle\u00a0\u00bb gutter_size=\u00a0\u00bb3&Prime; overlay_alpha=\u00a0\u00bb50&Prime; shift_x=\u00a0\u00bb0&Prime; shift_y=\u00a0\u00bb0&Prime; shift_y_down=\u00a0\u00bb0&Prime; z_index=\u00a0\u00bb0&Prime; medium_width=\u00a0\u00bb0&Prime; mobile_width=\u00a0\u00bb0&Prime; width=\u00a0\u00bb1\/4&Prime; uncode_shortcode_id=\u00a0\u00bb143715&Prime;][vc_column_text uncode_shortcode_id=\u00a0\u00bb115789&Prime;]<\/p>\n<h3>3 \u2022 S\u00e9lection et\/ou cr\u00e9ation de pi\u00e8ces singuli\u00e8res<\/h3>\n<p><em>Rencontre avec des cr\u00e9ateurs, des artistes et des designers, r\u00e9flexion sur la cr\u00e9ation ou la recherche de pi\u00e8ces de mobilier exclusives<\/em>[\/vc_column_text][\/vc_column][vc_column width=\u00a0\u00bb1\/4&Prime;][\/vc_column][\/vc_row][vc_row][vc_column column_width_percent=\u00a0\u00bb100&Prime; position_horizontal=\u00a0\u00bbright\u00a0\u00bb position_vertical=\u00a0\u00bbmiddle\u00a0\u00bb gutter_size=\u00a0\u00bb3&Prime; overlay_alpha=\u00a0\u00bb50&Prime; shift_x=\u00a0\u00bb0&Prime; shift_y=\u00a0\u00bb0&Prime; shift_y_down=\u00a0\u00bb0&Prime; z_index=\u00a0\u00bb0&Prime; medium_width=\u00a0\u00bb0&Prime; mobile_width=\u00a0\u00bb0&Prime; width=\u00a0\u00bb1\/4&Prime; uncode_shortcode_id=\u00a0\u00bb111014&Prime;][\/vc_column][vc_column column_width_percent=\u00a0\u00bb100&Prime; position_vertical=\u00a0\u00bbmiddle\u00a0\u00bb gutter_size=\u00a0\u00bb3&Prime; overlay_alpha=\u00a0\u00bb50&Prime; shift_x=\u00a0\u00bb0&Prime; shift_y=\u00a0\u00bb0&Prime; shift_y_down=\u00a0\u00bb0&Prime; z_index=\u00a0\u00bb0&Prime; medium_width=\u00a0\u00bb0&Prime; mobile_width=\u00a0\u00bb0&Prime; css_animation=\u00a0\u00bbright-t-left\u00a0\u00bb width=\u00a0\u00bb1\/4&Prime; uncode_shortcode_id=\u00a0\u00bb130363&Prime;][vc_single_image media=\u00a0\u00bb213&Prime; media_width_percent=\u00a0\u00bb100&Prime; css_animation=\u00a0\u00bbright-t-left\u00a0\u00bb animation_speed=\u00a0\u00bb100&Prime; uncode_shortcode_id=\u00a0\u00bb487918&Prime;][\/vc_column][vc_column column_width_percent=\u00a0\u00bb100&Prime; position_vertical=\u00a0\u00bbmiddle\u00a0\u00bb gutter_size=\u00a0\u00bb3&Prime; overlay_alpha=\u00a0\u00bb50&Prime; shift_x=\u00a0\u00bb0&Prime; shift_y=\u00a0\u00bb0&Prime; shift_y_down=\u00a0\u00bb0&Prime; z_index=\u00a0\u00bb0&Prime; medium_width=\u00a0\u00bb0&Prime; mobile_width=\u00a0\u00bb0&Prime; width=\u00a0\u00bb1\/4&Prime; uncode_shortcode_id=\u00a0\u00bb686459&Prime;][vc_column_text uncode_shortcode_id=\u00a0\u00bb497286&Prime;]<\/p>\n<h3>4 \u2022 S\u00e9lection de prestataires \u2013 choix des mat\u00e9riaux<\/h3>\n<p><em>Sollicitations de revendeurs qualifi\u00e9s, visite des showrooms et des ateliers<\/em>[\/vc_column_text][\/vc_column][vc_column width=\u00a0\u00bb1\/4&Prime;][\/vc_column][\/vc_row][vc_row][vc_column column_width_percent=\u00a0\u00bb100&Prime; position_horizontal=\u00a0\u00bbright\u00a0\u00bb position_vertical=\u00a0\u00bbmiddle\u00a0\u00bb gutter_size=\u00a0\u00bb3&Prime; overlay_alpha=\u00a0\u00bb50&Prime; shift_x=\u00a0\u00bb0&Prime; shift_y=\u00a0\u00bb0&Prime; shift_y_down=\u00a0\u00bb0&Prime; z_index=\u00a0\u00bb0&Prime; medium_width=\u00a0\u00bb0&Prime; mobile_width=\u00a0\u00bb0&Prime; width=\u00a0\u00bb1\/4&Prime; uncode_shortcode_id=\u00a0\u00bb111014&Prime;][\/vc_column][vc_column column_width_percent=\u00a0\u00bb100&Prime; position_vertical=\u00a0\u00bbmiddle\u00a0\u00bb gutter_size=\u00a0\u00bb3&Prime; overlay_alpha=\u00a0\u00bb50&Prime; shift_x=\u00a0\u00bb0&Prime; shift_y=\u00a0\u00bb0&Prime; shift_y_down=\u00a0\u00bb0&Prime; z_index=\u00a0\u00bb0&Prime; medium_width=\u00a0\u00bb0&Prime; mobile_width=\u00a0\u00bb0&Prime; css_animation=\u00a0\u00bbright-t-left\u00a0\u00bb width=\u00a0\u00bb1\/4&Prime; uncode_shortcode_id=\u00a0\u00bb130363&Prime;][vc_single_image media=\u00a0\u00bb214&Prime; media_width_percent=\u00a0\u00bb100&Prime; css_animation=\u00a0\u00bbright-t-left\u00a0\u00bb animation_speed=\u00a0\u00bb100&Prime; uncode_shortcode_id=\u00a0\u00bb854803&Prime;][\/vc_column][vc_column column_width_percent=\u00a0\u00bb100&Prime; position_vertical=\u00a0\u00bbmiddle\u00a0\u00bb gutter_size=\u00a0\u00bb3&Prime; overlay_alpha=\u00a0\u00bb50&Prime; shift_x=\u00a0\u00bb0&Prime; shift_y=\u00a0\u00bb0&Prime; shift_y_down=\u00a0\u00bb0&Prime; z_index=\u00a0\u00bb0&Prime; medium_width=\u00a0\u00bb0&Prime; mobile_width=\u00a0\u00bb0&Prime; width=\u00a0\u00bb1\/4&Prime; uncode_shortcode_id=\u00a0\u00bb164097&Prime;][vc_column_text uncode_shortcode_id=\u00a0\u00bb405286&Prime;]<\/p>\n<h3>5 \u2022 Demande de chiffrages \u2013 n\u00e9gociations commerciales<\/h3>\n<p><em>Demander des chiffrages pr\u00e9cis en lien avec les mat\u00e9riaux et les obligations techniques\u00a0 <\/em>[\/vc_column_text][\/vc_column][vc_column width=\u00a0\u00bb1\/4&Prime;][\/vc_column][\/vc_row][vc_row][vc_column column_width_percent=\u00a0\u00bb100&Prime; position_horizontal=\u00a0\u00bbright\u00a0\u00bb position_vertical=\u00a0\u00bbmiddle\u00a0\u00bb gutter_size=\u00a0\u00bb3&Prime; overlay_alpha=\u00a0\u00bb50&Prime; shift_x=\u00a0\u00bb0&Prime; shift_y=\u00a0\u00bb0&Prime; shift_y_down=\u00a0\u00bb0&Prime; z_index=\u00a0\u00bb0&Prime; medium_width=\u00a0\u00bb0&Prime; mobile_width=\u00a0\u00bb0&Prime; width=\u00a0\u00bb1\/4&Prime; uncode_shortcode_id=\u00a0\u00bb111014&Prime;][\/vc_column][vc_column column_width_percent=\u00a0\u00bb100&Prime; position_vertical=\u00a0\u00bbmiddle\u00a0\u00bb gutter_size=\u00a0\u00bb3&Prime; overlay_alpha=\u00a0\u00bb50&Prime; shift_x=\u00a0\u00bb0&Prime; shift_y=\u00a0\u00bb0&Prime; shift_y_down=\u00a0\u00bb0&Prime; z_index=\u00a0\u00bb0&Prime; medium_width=\u00a0\u00bb0&Prime; mobile_width=\u00a0\u00bb0&Prime; css_animation=\u00a0\u00bbright-t-left\u00a0\u00bb width=\u00a0\u00bb1\/4&Prime; uncode_shortcode_id=\u00a0\u00bb130363&Prime;][vc_single_image media=\u00a0\u00bb215&Prime; media_width_percent=\u00a0\u00bb100&Prime; css_animation=\u00a0\u00bbright-t-left\u00a0\u00bb animation_speed=\u00a0\u00bb100&Prime; uncode_shortcode_id=\u00a0\u00bb200027&Prime;][\/vc_column][vc_column column_width_percent=\u00a0\u00bb100&Prime; position_vertical=\u00a0\u00bbmiddle\u00a0\u00bb gutter_size=\u00a0\u00bb3&Prime; overlay_alpha=\u00a0\u00bb50&Prime; shift_x=\u00a0\u00bb0&Prime; shift_y=\u00a0\u00bb0&Prime; shift_y_down=\u00a0\u00bb0&Prime; z_index=\u00a0\u00bb0&Prime; medium_width=\u00a0\u00bb0&Prime; mobile_width=\u00a0\u00bb0&Prime; width=\u00a0\u00bb1\/4&Prime; uncode_shortcode_id=\u00a0\u00bb157029&Prime;][vc_column_text uncode_shortcode_id=\u00a0\u00bb126239&Prime;]<\/p>\n<h3>6 \u2022 Les derniers ajustements<\/h3>\n<p><em>V\u00e9rifications des d\u00e9lais des prestataires, orchestration des diff\u00e9rentes prestataires lors des livraisons, suggestions des derniers d\u00e9tails manquants li\u00e9s \u00e0 la petite d\u00e9coration<\/em>[\/vc_column_text][\/vc_column][vc_column width=\u00a0\u00bb1\/4&Prime;][\/vc_column][\/vc_row][vc_row][vc_column width=\u00a0\u00bb1\/1&Prime;][vc_single_image media=\u00a0\u00bb110&Prime; media_width_percent=\u00a0\u00bb100&Prime; uncode_shortcode_id=\u00a0\u00bb246335&Prime;][vc_column_text text_color=\u00a0\u00bbaccent\u00a0\u00bb uncode_shortcode_id=\u00a0\u00bb196671&Prime; text_color_type=\u00a0\u00bbuncode-palette\u00a0\u00bb]<\/p>\n<h4 style=\"text-align: center;\"><em>Ma m\u00e9thodologie s\u2019adapte \u00e0 chaque client et \u00e0 chaque projet. Je vous propose une offre globale ou un accompagnement point par point en fonction de vos attentes. Alors n\u2019h\u00e9sitez pas \u00e0 me contacter pour plus de renseignements ou pour un devis.<\/em><\/h4>\n<p>[\/vc_column_text][\/vc_column][\/vc_row][vc_row][vc_column column_width_percent=\u00a0\u00bb100&Prime; position_horizontal=\u00a0\u00bbright\u00a0\u00bb position_vertical=\u00a0\u00bbmiddle\u00a0\u00bb gutter_size=\u00a0\u00bb3&Prime; overlay_alpha=\u00a0\u00bb50&Prime; shift_x=\u00a0\u00bb0&Prime; shift_y=\u00a0\u00bb0&Prime; shift_y_down=\u00a0\u00bb0&Prime; z_index=\u00a0\u00bb0&Prime; medium_width=\u00a0\u00bb0&Prime; mobile_width=\u00a0\u00bb0&Prime; width=\u00a0\u00bb1\/2&Prime; uncode_shortcode_id=\u00a0\u00bb111014&Prime;][\/vc_column][vc_column column_width_percent=\u00a0\u00bb100&Prime; position_vertical=\u00a0\u00bbmiddle\u00a0\u00bb gutter_size=\u00a0\u00bb3&Prime; overlay_alpha=\u00a0\u00bb50&Prime; shift_x=\u00a0\u00bb0&Prime; shift_y=\u00a0\u00bb0&Prime; shift_y_down=\u00a0\u00bb0&Prime; z_index=\u00a0\u00bb0&Prime; medium_width=\u00a0\u00bb0&Prime; mobile_width=\u00a0\u00bb0&Prime; css_animation=\u00a0\u00bbright-t-left\u00a0\u00bb width=\u00a0\u00bb1\/2&Prime; uncode_shortcode_id=\u00a0\u00bb130363&Prime;][\/vc_column][\/vc_row][vc_row][vc_column width=\u00a0\u00bb1\/3&Prime;][vc_column_text uncode_shortcode_id=\u00a0\u00bb130602&Prime;]<strong>Prise de contact<\/strong><\/p>\n<p>Ce premier rendez-vous est avant tout un temps d\u2019\u00e9coute et d\u2019\u00e9change. Il permet de d\u00e9finir clairement vos besoins, vos attentes et vos contraintes techniques en mati\u00e8re de mobilier. Vous pourrez exposer votre projet, vos usages et vos objectifs.<br \/>\nDe mon c\u00f4t\u00e9, ce moment me permet de mieux vous conna\u00eetre, de comprendre votre secteur d\u2019activit\u00e9, votre client\u00e8le et votre mani\u00e8re de travailler<\/p>\n<p>Ces \u00e9changes me permettront d\u2019appr\u00e9hender votre projet dans sa globalit\u00e9 et de vous proposer des solutions coh\u00e9rentes et fonctionnelles, adapt\u00e9es \u00e0 votre identit\u00e9.<\/p>\n<p>&nbsp;<\/p>\n<p><strong>\u00c9valuation de votre mobilier existant<\/strong><br \/>\nUne analyse approfondie de votre mobilier actuel est r\u00e9alis\u00e9e afin d\u2019identifier les pi\u00e8ces signature ou estampill\u00e9es. Cette expertise permet d\u2019envisager, le cas \u00e9ch\u00e9ant, une mise en relation avec des sp\u00e9cialistes de la revente de mobilier de seconde main.<\/p>\n<p>Certaines pi\u00e8ces pourront \u00e9galement \u00eatre r\u00e9int\u00e9gr\u00e9es dans votre futur am\u00e9nagement et faire l\u2019objet d\u2019un travail de revalorisation, pour leur offrir une nouvelle lecture et prolonger leur usage.<\/p>\n<p>&nbsp;<\/p>\n<p>[\/vc_column_text][\/vc_column][vc_column width=\u00a0\u00bb1\/3&Prime;][vc_column_text uncode_shortcode_id=\u00a0\u00bb137577&Prime;]<strong>S\u00e9lection et liste d\u2019achat du mobilier<\/strong><br \/>\nUne liste d\u2019achat de mobilier est \u00e9tablie dans le respect des normes techniques propres \u00e0 votre activit\u00e9, tout en r\u00e9pondant \u00e0 vos exigences esth\u00e9tiques.<\/p>\n<p>Qu\u2019il s\u2019agisse d\u2019un restaurant, d\u2019un si\u00e8ge social, d\u2019un \u00e9tablissement de sant\u00e9 ou d\u2019un lieu d\u2019enseignement, chaque environnement poss\u00e8de ses usages et ses contraintes sp\u00e9cifiques. Les notions de durabilit\u00e9, d\u2019ergonomie, de modularit\u00e9 ou de confort sont ainsi abord\u00e9es de mani\u00e8re cibl\u00e9e, en parfaite ad\u00e9quation avec l\u2019identit\u00e9 et les exigences de chaque univers.<\/p>\n<p>Les s\u00e9lections propos\u00e9es recherchent un \u00e9quilibre juste entre usage, qualit\u00e9 et budget. Elles traduisent une attention particuli\u00e8re port\u00e9e \u00e0 la qualit\u00e9 des produits, ind\u00e9pendamment de leur positionnement tarifaire. Un produit pertinent n\u2019est pas n\u00e9cessairement le plus on\u00e9reux, mais celui dont la conception, les mat\u00e9riaux et l\u2019usage ont fait leurs preuves dans le temps.<\/p>\n<p>&nbsp;<\/p>\n<p><strong>Recherche de pi\u00e8ces singuli\u00e8res<\/strong><\/p>\n<p>Cette d\u00e9marche s\u2019accompagne d\u2019une recherche approfondie de pi\u00e8ces d\u2019exception. Cr\u00e9ations sur mesure ou pi\u00e8ces confidentielles, con\u00e7ues ou sourc\u00e9es exclusivement pour votre projet. Ces \u00e9l\u00e9ments singuliers deviennent les signatures du lieu, structurant l\u2019espace et affirmant son caract\u00e8re unique.<\/p>\n<p>[\/vc_column_text][\/vc_column][vc_column width=\u00a0\u00bb1\/3&Prime;][vc_column_text uncode_shortcode_id=\u00a0\u00bb190591&Prime;]<strong>Mise en relation avec des fournisseurs sp\u00e9cialis\u00e9s<\/strong><br \/>\nUne mise en relation est \u00e9tablie avec des fournisseurs s\u00e9lectionn\u00e9s, reconnus pour la qualit\u00e9 et la pertinence de leur offre au regard de votre projet.<\/p>\n<p>\u00c0 partir de la liste d\u2019achat d\u00e9finie en amont, ces rencontres permettent d\u2019exp\u00e9rimenter le mobilier, d\u2019appr\u00e9cier les mat\u00e9riaux et d\u2019en \u00e9valuer les finitions. Textures, coloris et \u00e9chantillons sont ainsi observ\u00e9s et ajust\u00e9s avec pr\u00e9cision, en coh\u00e9rence avec le projet architectural.<\/p>\n<p>Ce travail collaboratif permet d\u2019assurer une parfaite coh\u00e9rence et une place au dialogue et \u00e0 l\u2019expertise de chaque intervenant.<\/p>\n<p><strong>Demandes de devis personnalis\u00e9s<\/strong><br \/>\nDes demandes de devis sur mesure sont \u00e9tablies \u00e0 partir de l\u2019ensemble des choix pr\u00e9alablement valid\u00e9s. Une attention particuli\u00e8re est port\u00e9e \u00e0 l\u2019obtention de conditions commerciales justes et optimis\u00e9es, en ad\u00e9quation avec la qualit\u00e9 et l\u2019exigence des pi\u00e8ces s\u00e9lectionn\u00e9es.<\/p>\n<p><strong>Les derniers ajustements<\/strong><\/p>\n<p>Lors de la livraison du mobilier, nous proc\u00e9derons \u00e0 un point d\u00e9taill\u00e9 sur les derniers ajustements \u00e0 finaliser, tels que les rideaux, les coussins, les \u00e9l\u00e9ments d\u00e9coratifs (tableaux, photos, pots \u00e0 crayons), les plantes ainsi que les \u00e9clairages d\u2019appoint. Ces \u00e9l\u00e9ments, dont la liste reste non exhaustive, contribueront \u00e0 une appropriation compl\u00e8te et harmonieuse des lieux.[\/vc_column_text][\/vc_column][\/vc_row]<\/p>\n<\/div>","protected":false},"excerpt":{"rendered":"<p>[vc_row][vc_column column_width_percent=\u00a0\u00bb100&Prime; position_horizontal=\u00a0\u00bbright\u00a0\u00bb position_vertical=\u00a0\u00bbmiddle\u00a0\u00bb gutter_size=\u00a0\u00bb3&Prime; overlay_alpha=\u00a0\u00bb50&Prime; shift_x=\u00a0\u00bb0&Prime; shift_y=\u00a0\u00bb0&Prime; shift_y_down=\u00a0\u00bb0&Prime; z_index=\u00a0\u00bb0&Prime; medium_width=\u00a0\u00bb0&Prime; mobile_width=\u00a0\u00bb0&Prime; width=\u00a0\u00bb1\/4&Prime; uncode_shortcode_id=\u00a0\u00bb159878&Prime;][\/vc_column][vc_column column_width_percent=\u00a0\u00bb100&Prime; position_vertical=\u00a0\u00bbmiddle\u00a0\u00bb gutter_size=\u00a0\u00bb3&Prime; overlay_alpha=\u00a0\u00bb50&Prime; shift_x=\u00a0\u00bb0&Prime; shift_y=\u00a0\u00bb0&Prime; [&hellip;]<\/p>\n","protected":false},"author":1,"featured_media":0,"parent":0,"menu_order":0,"comment_status":"closed","ping_status":"closed","template":"","meta":{"footnotes":""},"class_list":["post-74","page","type-page","status-publish","hentry"],"_links":{"self":[{"href":"https:\/\/www.sansavini-design.com\/index.php\/wp-json\/wp\/v2\/pages\/74","targetHints":{"allow":["GET"]}}],"collection":[{"href":"https:\/\/www.sansavini-design.com\/index.php\/wp-json\/wp\/v2\/pages"}],"about":[{"href":"https:\/\/www.sansavini-design.com\/index.php\/wp-json\/wp\/v2\/types\/page"}],"author":[{"embeddable":true,"href":"https:\/\/www.sansavini-design.com\/index.php\/wp-json\/wp\/v2\/users\/1"}],"replies":[{"embeddable":true,"href":"https:\/\/www.sansavini-design.com\/index.php\/wp-json\/wp\/v2\/comments?post=74"}],"version-history":[{"count":29,"href":"https:\/\/www.sansavini-design.com\/index.php\/wp-json\/wp\/v2\/pages\/74\/revisions"}],"predecessor-version":[{"id":219,"href":"https:\/\/www.sansavini-design.com\/index.php\/wp-json\/wp\/v2\/pages\/74\/revisions\/219"}],"wp:attachment":[{"href":"https:\/\/www.sansavini-design.com\/index.php\/wp-json\/wp\/v2\/media?parent=74"}],"curies":[{"name":"wp","href":"https:\/\/api.w.org\/{rel}","templated":true}]}}