{"id":85,"date":"2026-01-15T09:21:46","date_gmt":"2026-01-15T09:21:46","guid":{"rendered":"https:\/\/www.sansavini-design.com\/?page_id=85"},"modified":"2026-04-17T14:31:04","modified_gmt":"2026-04-17T14:31:04","slug":"edito","status":"publish","type":"page","link":"https:\/\/www.sansavini-design.com\/index.php\/edito\/","title":{"rendered":"\u00e9dito"},"content":{"rendered":"<div class=\"wpb-content-wrapper\"><p>[vc_row][vc_column width=\u00a0\u00bb1\/2&Prime;][vc_single_image media=\u00a0\u00bb118&Prime; media_width_percent=\u00a0\u00bb100&Prime; uncode_shortcode_id=\u00a0\u00bb340228&Prime;][vc_column_text text_lead=\u00a0\u00bbyes\u00a0\u00bb uncode_shortcode_id=\u00a0\u00bb642339&Prime;]<\/p>\n<blockquote>\n<p style=\"text-align: center;\">Choisir un mobilier, revient \u00e0 habiller une silhouette :<br \/>\n<strong>chaque d\u00e9tail compte<\/strong>.<\/p>\n<\/blockquote>\n<p>[\/vc_column_text][\/vc_column][vc_column width=\u00a0\u00bb1\/2&Prime;][vc_column_text uncode_shortcode_id=\u00a0\u00bb443845&Prime;]Lyonnaise, n\u00e9e en 1989, ma famille a ce petit je-ne-sais-quoi d\u2019original. Partag\u00e9e entre une lign\u00e9e de \u00ab\u00a0vrais\u00a0\u00bb commer\u00e7ants et plusieurs artistes, cette double culture a fa\u00e7onn\u00e9 mon parcours et guide aujourd\u2019hui mon approche.<\/p>\n<p>L\u2019entreprise <em>Arrivetz, <\/em>ce nom raisonne depuis ma naissance. J\u2019ai grandi litt\u00e9ralement au milieu des grands courants du mobilier, au milieu du \u00ab\u00a0beau\u00a0\u00bb. Je mesure aujourd\u2019hui cette chance d\u2019avoir \u00e9t\u00e9 form\u00e9e au design en son sein.<\/p>\n<p>Depuis toute petite, je suis fascin\u00e9e par les couleurs, l\u2019harmonie qu\u2019elles cr\u00e9ent quand on les assemble, le toucher des meubles que je fr\u00f4lais en arpentant les all\u00e9es du magasin familial. Mais pas seulement\u00a0!<\/p>\n<p>Comme en \u00e9cho au mobilier, je m\u2019int\u00e9ressais d\u00e8s mon adolescence \u00e0 la mode, aux grands couturiers, aux tissus. J\u2019aff\u00fbtais mon \u0153il en aidant mon entourage dans certains choix de tenues, car j\u2019arrivais \u00e0 voir ce qui leur convenait quand eux ne le voyaient pas.<\/p>\n<p>Ma licence en poche, j\u2019int\u00e8gre l\u2019entreprise familiale en 2010 dans le but de succ\u00e9der \u00e0 mon p\u00e8re, ce qui sera le cas en 2018. Ces quinze ann\u00e9es d\u2019entrepreneuriat, ne se sont pas faites dans la facilit\u00e9. \u00catre lanc\u00e9e dans l\u2019ar\u00e8ne \u00e0 21 ans quand on est \u00ab\u00a0<em>la fille de\u00a0\u00bb,<\/em> n\u00e9cessite beaucoup de travail\u00a0; je vais devoir tracer mon propre chemin et surtout apprendre. J\u2019encha\u00eene les formations chez les fournisseurs, les salons, je me perfectionne sur les produits, leurs proc\u00e9d\u00e9s de fabrication, les designers, les caract\u00e9ristiques des mat\u00e9riaux, les positionnements prix (\u2026).<\/p>\n<p>J\u2019ai cette satisfaction de me dire que gr\u00e2ce \u00e0 un socle familial solide et ma d\u00e9termination, une nouvelle page s\u2019ouvre aujourd\u2019hui \u00e0 moi.<\/p>\n<p>Depuis le 1<sup>er<\/sup> janvier 2026, j\u2019ai lanc\u00e9 ma nouvelle activit\u00e9 en tant que conseil en mobilier et design d\u2019espace. Port\u00e9e par ma passion du mobilier et de la sc\u00e9nographie, je sublime les espaces en captant leur essence et en exprimant pleinement leur identit\u00e9. Chaque projet est unique : certains naissent d\u2019une page blanche, enti\u00e8rement \u00e0 imaginer, tandis que d\u2019autres s\u2019inscrivent dans une histoire existante, avec laquelle il faut composer \u2014 le mobilier en place, les usages, les habitudes (\u2026).<\/p>\n<p>Nourries par diverses inspirations et exp\u00e9riences, accumul\u00e9es au fil des ann\u00e9es, mes id\u00e9es s\u2019encha\u00eenent, les associations prennent forme, les sc\u00e9nographies \u00e9mergent.[\/vc_column_text][\/vc_column][\/vc_row]<\/p>\n<\/div>","protected":false},"excerpt":{"rendered":"<p>[vc_row][vc_column width=\u00a0\u00bb1\/2&Prime;][vc_single_image media=\u00a0\u00bb118&Prime; media_width_percent=\u00a0\u00bb100&Prime; uncode_shortcode_id=\u00a0\u00bb340228&Prime;][vc_column_text text_lead=\u00a0\u00bbyes\u00a0\u00bb uncode_shortcode_id=\u00a0\u00bb642339&Prime;] Choisir un mobilier, revient \u00e0 habiller une silhouette : chaque d\u00e9tail compte. [\/vc_column_text][\/vc_column][vc_column [&hellip;]<\/p>\n","protected":false},"author":1,"featured_media":0,"parent":0,"menu_order":0,"comment_status":"closed","ping_status":"closed","template":"","meta":{"footnotes":""},"class_list":["post-85","page","type-page","status-publish","hentry"],"_links":{"self":[{"href":"https:\/\/www.sansavini-design.com\/index.php\/wp-json\/wp\/v2\/pages\/85","targetHints":{"allow":["GET"]}}],"collection":[{"href":"https:\/\/www.sansavini-design.com\/index.php\/wp-json\/wp\/v2\/pages"}],"about":[{"href":"https:\/\/www.sansavini-design.com\/index.php\/wp-json\/wp\/v2\/types\/page"}],"author":[{"embeddable":true,"href":"https:\/\/www.sansavini-design.com\/index.php\/wp-json\/wp\/v2\/users\/1"}],"replies":[{"embeddable":true,"href":"https:\/\/www.sansavini-design.com\/index.php\/wp-json\/wp\/v2\/comments?post=85"}],"version-history":[{"count":11,"href":"https:\/\/www.sansavini-design.com\/index.php\/wp-json\/wp\/v2\/pages\/85\/revisions"}],"predecessor-version":[{"id":221,"href":"https:\/\/www.sansavini-design.com\/index.php\/wp-json\/wp\/v2\/pages\/85\/revisions\/221"}],"wp:attachment":[{"href":"https:\/\/www.sansavini-design.com\/index.php\/wp-json\/wp\/v2\/media?parent=85"}],"curies":[{"name":"wp","href":"https:\/\/api.w.org\/{rel}","templated":true}]}}